{"id":125,"date":"2010-11-14T09:44:24","date_gmt":"2010-11-14T09:44:24","guid":{"rendered":"http:\/\/www.arelabretagne.levillage.org\/?page_id=125"},"modified":"2024-01-07T19:30:44","modified_gmt":"2024-01-07T19:30:44","slug":"adhesion","status":"publish","type":"page","link":"http:\/\/www.arelabretagne.levillage.org\/?page_id=125","title":{"rendered":"Adh\u00e9sion"},"content":{"rendered":"\n<p><br><\/p>\n\n\n\n<h3 class=\"wp-block-heading\">Si vous souhaitez participer \u00e0 la sauvegarde et \u00e0 la promotion de l\u2019enseignement des langues anciennes dans notre r\u00e9gion, un bulletin d&rsquo;adh\u00e9sion est \u00e0 votre disposition:<\/h3>\n\n\n\n<p>Pour t\u00e9l\u00e9charger le bulletin d&rsquo;adh\u00e9sion 2024:<\/p>\n\n\n\n<div data-wp-interactive=\"core\/file\" class=\"wp-block-file\"><object data-wp-bind--hidden=\"!state.hasPdfPreview\" hidden class=\"wp-block-file__embed\" data=\"http:\/\/www.arelabretagne.levillage.org\/bibliotheque\/2024\/01\/bulletin_adhesion_2024.pdf\" type=\"application\/pdf\" style=\"width:100%;height:600px\" aria-label=\"Contenu embarqu\u00e9 bulletin_adhesion_2024.\"><\/object><a id=\"wp-block-file--media-ca7a433a-0b38-429e-b7c0-36aa1df7c6d2\" href=\"http:\/\/www.arelabretagne.levillage.org\/bibliotheque\/2024\/01\/bulletin_adhesion_2024.pdf\">bulletin_adhesion_2024<\/a><a href=\"http:\/\/www.arelabretagne.levillage.org\/bibliotheque\/2024\/01\/bulletin_adhesion_2024.pdf\" class=\"wp-block-file__button wp-element-button\" download aria-describedby=\"wp-block-file--media-ca7a433a-0b38-429e-b7c0-36aa1df7c6d2\">T\u00e9l\u00e9charger<\/a><\/div>\n","protected":false},"excerpt":{"rendered":"<p>Si vous souhaitez participer \u00e0 la sauvegarde et \u00e0 la promotion de l\u2019enseignement des langues anciennes dans notre r\u00e9gion, un bulletin d&rsquo;adh\u00e9sion est \u00e0 votre disposition: Pour t\u00e9l\u00e9charger le bulletin d&rsquo;adh\u00e9sion 2024:<\/p>\n","protected":false},"author":1,"featured_media":0,"parent":57,"menu_order":0,"comment_status":"closed","ping_status":"open","template":"","meta":{"jetpack_post_was_ever_published":false,"footnotes":""},"class_list":["post-125","page","type-page","status-publish","hentry"],"jetpack_shortlink":"https:\/\/wp.me\/P2hPjg-21","jetpack_sharing_enabled":true,"jetpack_likes_enabled":true,"_links":{"self":[{"href":"http:\/\/www.arelabretagne.levillage.org\/index.php?rest_route=\/wp\/v2\/pages\/125","targetHints":{"allow":["GET"]}}],"collection":[{"href":"http:\/\/www.arelabretagne.levillage.org\/index.php?rest_route=\/wp\/v2\/pages"}],"about":[{"href":"http:\/\/www.arelabretagne.levillage.org\/index.php?rest_route=\/wp\/v2\/types\/page"}],"author":[{"embeddable":true,"href":"http:\/\/www.arelabretagne.levillage.org\/index.php?rest_route=\/wp\/v2\/users\/1"}],"replies":[{"embeddable":true,"href":"http:\/\/www.arelabretagne.levillage.org\/index.php?rest_route=%2Fwp%2Fv2%2Fcomments&post=125"}],"version-history":[{"count":11,"href":"http:\/\/www.arelabretagne.levillage.org\/index.php?rest_route=\/wp\/v2\/pages\/125\/revisions"}],"predecessor-version":[{"id":2198,"href":"http:\/\/www.arelabretagne.levillage.org\/index.php?rest_route=\/wp\/v2\/pages\/125\/revisions\/2198"}],"up":[{"embeddable":true,"href":"http:\/\/www.arelabretagne.levillage.org\/index.php?rest_route=\/wp\/v2\/pages\/57"}],"wp:attachment":[{"href":"http:\/\/www.arelabretagne.levillage.org\/index.php?rest_route=%2Fwp%2Fv2%2Fmedia&parent=125"}],"curies":[{"name":"wp","href":"https:\/\/api.w.org\/{rel}","templated":true}]}}