{"id":1404,"date":"2015-09-02T09:09:29","date_gmt":"2015-09-02T09:09:29","guid":{"rendered":"http:\/\/www.arelabretagne.levillage.org\/?page_id=1404"},"modified":"2026-03-27T08:13:18","modified_gmt":"2026-03-27T08:13:18","slug":"concours-2016","status":"publish","type":"page","link":"http:\/\/www.arelabretagne.levillage.org\/?page_id=1404","title":{"rendered":"Concours : archives"},"content":{"rendered":"\n<p><em>Les r\u00e9sultats du concours ci-dessous. <\/em>Les remises de prix ont eu lieu le 7 juin 2023 au coll\u00e8ge de l&rsquo;Harteloire \u00e0 Brest et au coll\u00e8ge Jules Lequier \u00e0 Pl\u00e9rin. <\/p>\n\n\n\n<p class=\"has-text-align-center\"><strong>Concours 2023 <\/strong>: <strong>Histoires de Famille<\/strong><\/p>\n\n\n\n<div data-wp-interactive=\"core\/file\" class=\"wp-block-file\"><object data-wp-bind--hidden=\"!state.hasPdfPreview\" hidden class=\"wp-block-file__embed\" data=\"http:\/\/www.arelabretagne.levillage.org\/bibliotheque\/2023\/06\/LAUREATS-LYCEE-2023.pdf\" type=\"application\/pdf\" style=\"width:100%;height:600px\" aria-label=\"Contenu embarqu\u00e9 LAUREATS-LYCEE-2023.\"><\/object><a id=\"wp-block-file--media-b1fa92a7-6c4a-4366-a4ce-60cf26bc7a0d\" href=\"http:\/\/www.arelabretagne.levillage.org\/bibliotheque\/2023\/06\/LAUREATS-LYCEE-2023.pdf\">LAUREATS-LYCEE-2023<\/a><a href=\"http:\/\/www.arelabretagne.levillage.org\/bibliotheque\/2023\/06\/LAUREATS-LYCEE-2023.pdf\" class=\"wp-block-file__button wp-element-button\" download aria-describedby=\"wp-block-file--media-b1fa92a7-6c4a-4366-a4ce-60cf26bc7a0d\">T\u00e9l\u00e9charger<\/a><\/div>\n\n\n\n<div data-wp-interactive=\"core\/file\" class=\"wp-block-file\"><object data-wp-bind--hidden=\"!state.hasPdfPreview\" hidden class=\"wp-block-file__embed\" data=\"http:\/\/www.arelabretagne.levillage.org\/bibliotheque\/2023\/06\/2023-LAUREATS-college.pdf\" type=\"application\/pdf\" style=\"width:100%;height:600px\" aria-label=\"Contenu embarqu\u00e9 2023-LAUREATS-college.\"><\/object><a id=\"wp-block-file--media-2872f0b5-7cf9-4388-b13b-314423ecbd1b\" href=\"http:\/\/www.arelabretagne.levillage.org\/bibliotheque\/2023\/06\/2023-LAUREATS-college.pdf\">2023-LAUREATS-college<\/a><a href=\"http:\/\/www.arelabretagne.levillage.org\/bibliotheque\/2023\/06\/2023-LAUREATS-college.pdf\" class=\"wp-block-file__button wp-element-button\" download aria-describedby=\"wp-block-file--media-2872f0b5-7cf9-4388-b13b-314423ecbd1b\">T\u00e9l\u00e9charger<\/a><\/div>\n\n\n<h1><\/h1>\n<p class=\"has-text-align-left has-medium-font-size\">Le concours aura lieu le <strong>mardi 21 mars 2023<\/strong> (10h-12h).<\/p>\n<h1> <\/h1>\n<p class=\"has-medium-font-size\">Vous trouverez ci-dessous le programme arr\u00eat\u00e9 pour cette \u00e9dition.<\/p>\n<h1> <\/h1>\n<p class=\"has-medium-font-size\">Attention : il se pr\u00e9sente sous la forme d&rsquo;un tableau, <strong>la colonne de gauche liste les notions \u00e0 conna\u00eetre<\/strong>, mais il n&rsquo;a pas \u00e9t\u00e9 possible, contrairement \u00e0 l&rsquo;an pass\u00e9, d&rsquo;\u00e9tablir un corpus de textes restreint servant de base aux \u00e9preuves du concours.<\/p>\n<h1> <\/h1>\n<p class=\"has-medium-font-size\">Dans le tableau, la liste de textes de la colonne de droite n&rsquo;est l\u00e0 que pour vous fournir des pistes pour \u00e9tudier telle et telle notion avec vos \u00e9l\u00e8ves. Il ne s&rsquo;agit pas de reproduire l&rsquo;\u00e9preuve du bac avec des textes \u00e0 bachoter avant d&rsquo;\u00eatre interrog\u00e9 dessus !<\/p>\n<h1><\/h1>\n<h1><\/h1>\n<div data-wp-interactive=\"core\/file\" class=\"wp-block-file\"><object data-wp-bind--hidden=\"!state.hasPdfPreview\" hidden class=\"wp-block-file__embed\" data=\"http:\/\/www.arelabretagne.levillage.org\/bibliotheque\/2022\/09\/ARELA-Histoires-de-famille-PROGRAMME.pdf\" type=\"application\/pdf\" width=\"300\" height=\"150\" aria-label=\"Contenu embarqu\u00e9 ARELA-Histoires-de-famille-PROGRAMME.\" data-mce-fragment=\"1\"><\/object><a id=\"wp-block-file--media-2c5dbab1-3c31-4378-967f-ec269e966150\" href=\"http:\/\/www.arelabretagne.levillage.org\/bibliotheque\/2022\/09\/ARELA-Histoires-de-famille-PROGRAMME.pdf\">ARELA-Histoires-de-famille-PROGRAMME<\/a><a class=\"wp-block-file__button wp-element-button\" href=\"http:\/\/www.arelabretagne.levillage.org\/bibliotheque\/2022\/09\/ARELA-Histoires-de-famille-PROGRAMME.pdf\" download=\"\" aria-describedby=\"wp-block-file--media-2c5dbab1-3c31-4378-967f-ec269e966150\">T\u00e9l\u00e9charger<\/a><\/div>\n<h1><\/h1>\n<h1>Concours 2022<\/h1>\n\n\n<p class=\"has-text-align-center has-text-color has-large-font-size\"><strong><mark class=\"has-inline-color has-blue-color\">Des dieux et des hommes <\/mark><mark class=\"has-inline-color has-blue-color\"><\/mark><\/strong><\/p>\n\n\n\n<p class=\"has-text-color\" style=\"color:#4100a3\"><p class=\"has-text-color\">La remise des prix a eu lieu \u00e0 Quimper (coll\u00e8ge de la Tour d&rsquo;Auvergne) et \u00e0 Rennes (coll\u00e8ge des Gayeulles) le 8 juin dernier. F\u00e9licitations aux nombreux participants du concours et plus particuli\u00e8rement aux laur\u00e9ats!<\/p>\n<a href=\"http:\/\/www.arelabretagne.levillage.org\/?attachment_id=2165\" rel=\"attachment wp-att-2165\">LAUREATS-LYCEE-2023<\/a>\n\n<a href=\"http:\/\/www.arelabretagne.levillage.org\/?attachment_id=2166\" rel=\"attachment wp-att-2166\">2023-LAUREATS-college<\/a>\n\n<a href=\"http:\/\/www.arelabretagne.levillage.org\/?attachment_id=2091\" rel=\"attachment wp-att-2091\"><img loading=\"lazy\" decoding=\"async\" data-attachment-id=\"2091\" data-permalink=\"http:\/\/www.arelabretagne.levillage.org\/?attachment_id=2091\" data-orig-file=\"http:\/\/www.arelabretagne.levillage.org\/bibliotheque\/2022\/03\/affiche-concours-2022.jpg\" data-orig-size=\"1000,1416\" data-comments-opened=\"0\" data-image-meta=\"{&quot;aperture&quot;:&quot;0&quot;,&quot;credit&quot;:&quot;&quot;,&quot;camera&quot;:&quot;&quot;,&quot;caption&quot;:&quot;&quot;,&quot;created_timestamp&quot;:&quot;0&quot;,&quot;copyright&quot;:&quot;&quot;,&quot;focal_length&quot;:&quot;0&quot;,&quot;iso&quot;:&quot;0&quot;,&quot;shutter_speed&quot;:&quot;0&quot;,&quot;title&quot;:&quot;&quot;,&quot;orientation&quot;:&quot;0&quot;}\" data-image-title=\"affiche-concours-2022\" data-image-description=\"\" data-image-caption=\"\" data-large-file=\"http:\/\/www.arelabretagne.levillage.org\/bibliotheque\/2022\/03\/affiche-concours-2022-723x1024.jpg\" class=\"alignleft size-full wp-image-2091\" src=\"http:\/\/www.arelabretagne.levillage.org\/bibliotheque\/2022\/03\/affiche-concours-2022.jpg\" alt=\"\" width=\"1000\" height=\"1416\" srcset=\"http:\/\/www.arelabretagne.levillage.org\/bibliotheque\/2022\/03\/affiche-concours-2022.jpg 1000w, http:\/\/www.arelabretagne.levillage.org\/bibliotheque\/2022\/03\/affiche-concours-2022-212x300.jpg 212w, http:\/\/www.arelabretagne.levillage.org\/bibliotheque\/2022\/03\/affiche-concours-2022-723x1024.jpg 723w, http:\/\/www.arelabretagne.levillage.org\/bibliotheque\/2022\/03\/affiche-concours-2022-768x1087.jpg 768w, http:\/\/www.arelabretagne.levillage.org\/bibliotheque\/2022\/03\/affiche-concours-2022-624x884.jpg 624w\" sizes=\"auto, (max-width: 1000px) 100vw, 1000px\" \/><\/a><\/p>\n\n\n<h1><a href=\"http:\/\/www.arelabretagne.levillage.org\/?attachment_id=2098\" rel=\"attachment wp-att-2098\">ARELA-sujet-lycee-GREC-et-LATIN<\/a><\/h1>\n<h1><a href=\"http:\/\/www.arelabretagne.levillage.org\/?attachment_id=2097\" rel=\"attachment wp-att-2097\">ARELA-concours-college-2022-Version-definitive<\/a><\/h1>\n<h1>Concours 2020: annul\u00e9<\/h1>\n<h1 style=\"text-align: center;\">Concours 2019, sur le th\u00e8me : <strong>Des animaux et des hommes.<\/strong><span style=\"color: #0000ff;\">\u00a0<\/span><\/h1>\n<p><span style=\"color: #0000ff;\">Les c\u00e9r\u00e9monies de remise des prix auront lieu le mercredi\u00a0 12 juin 2019 \u00e0 15h:<\/span><\/p>\n<p><span style=\"color: #0000ff;\">au coll\u00e8ge LES GAYEULLES \u00e0 Rennes,<\/span><br \/>\n<span style=\"color: #0000ff;\">au coll\u00e8ge LA TOUR D&rsquo;AUVERGNE, \u00e0 Quimper.<\/span><\/p>\n<p>Les deux listes de laur\u00e9ats:<\/p>\n<p><a href=\"http:\/\/www.arelabretagne.levillage.org\/?attachment_id=1918\" rel=\"attachment wp-att-1918\">Laur\u00e9ats coll\u00e8ge 2019<\/a><\/p>\n<p><a href=\"http:\/\/www.arelabretagne.levillage.org\/?attachment_id=1919\" rel=\"attachment wp-att-1919\">Laur\u00e9ats lyc\u00e9e 2019<\/a><\/p>\n<h4>Les photos de la remise des prix (Quimper):<\/h4>\n<p><a href=\"http:\/\/www.arelabretagne.levillage.org\/?attachment_id=1928\" rel=\"attachment wp-att-1928\"><img loading=\"lazy\" decoding=\"async\" data-attachment-id=\"1928\" data-permalink=\"http:\/\/www.arelabretagne.levillage.org\/?attachment_id=1928\" data-orig-file=\"http:\/\/www.arelabretagne.levillage.org\/bibliotheque\/2019\/07\/1er-prix-colle\u2560\u00c7ge-Audrenne-Hosatte-la-TA-Quimper-\u00d4\u00c7\u00f4-Version-2-1.jpg\" data-orig-size=\"419,676\" data-comments-opened=\"0\" data-image-meta=\"{&quot;aperture&quot;:&quot;3.2&quot;,&quot;credit&quot;:&quot;&quot;,&quot;camera&quot;:&quot;DMC-FZ18&quot;,&quot;caption&quot;:&quot;&quot;,&quot;created_timestamp&quot;:&quot;1560263768&quot;,&quot;copyright&quot;:&quot;&quot;,&quot;focal_length&quot;:&quot;12&quot;,&quot;iso&quot;:&quot;400&quot;,&quot;shutter_speed&quot;:&quot;0.02&quot;,&quot;title&quot;:&quot;1er prix coll\\u00e8ge  Audrenne Hosatte (la TA Quimper) \\u2013 Version 2&quot;,&quot;orientation&quot;:&quot;1&quot;}\" data-image-title=\"1er prix coll\u00e8ge  Audrenne Hosatte (la TA Quimper) \u2013 Version 2\" data-image-description=\"\" data-image-caption=\"\" data-large-file=\"http:\/\/www.arelabretagne.levillage.org\/bibliotheque\/2019\/07\/1er-prix-colle\u2560\u00c7ge-Audrenne-Hosatte-la-TA-Quimper-\u00d4\u00c7\u00f4-Version-2-1.jpg\" class=\"alignleft  wp-image-1928\" src=\"http:\/\/www.arelabretagne.levillage.org\/bibliotheque\/2019\/07\/1er-prix-colle\u2560\u00c7ge-Audrenne-Hosatte-la-TA-Quimper-\u00d4\u00c7\u00f4-Version-2-1.jpg\" alt=\"\" width=\"195\" height=\"315\" srcset=\"http:\/\/www.arelabretagne.levillage.org\/bibliotheque\/2019\/07\/1er-prix-colle\u2560\u00c7ge-Audrenne-Hosatte-la-TA-Quimper-\u00d4\u00c7\u00f4-Version-2-1.jpg 419w, http:\/\/www.arelabretagne.levillage.org\/bibliotheque\/2019\/07\/1er-prix-colle\u2560\u00c7ge-Audrenne-Hosatte-la-TA-Quimper-\u00d4\u00c7\u00f4-Version-2-1-186x300.jpg 186w\" sizes=\"auto, (max-width: 195px) 100vw, 195px\" \/><\/a><\/p>\n<h4>Audrenne Hosatte, 1er prix Coll\u00e8ge<\/h4>\n<h4><a href=\"http:\/\/www.arelabretagne.levillage.org\/?attachment_id=1929\" rel=\"attachment wp-att-1929\"><img loading=\"lazy\" decoding=\"async\" data-attachment-id=\"1929\" data-permalink=\"http:\/\/www.arelabretagne.levillage.org\/?attachment_id=1929\" data-orig-file=\"http:\/\/www.arelabretagne.levillage.org\/bibliotheque\/2019\/07\/1er-prix-lyce\u00a6\u00fce-Malvy-Pelleter-Kerneuzec-2.jpg\" data-orig-size=\"686,1029\" data-comments-opened=\"0\" data-image-meta=\"{&quot;aperture&quot;:&quot;3.2&quot;,&quot;credit&quot;:&quot;&quot;,&quot;camera&quot;:&quot;DMC-FZ18&quot;,&quot;caption&quot;:&quot;&quot;,&quot;created_timestamp&quot;:&quot;1560263274&quot;,&quot;copyright&quot;:&quot;&quot;,&quot;focal_length&quot;:&quot;12.3&quot;,&quot;iso&quot;:&quot;400&quot;,&quot;shutter_speed&quot;:&quot;0.016666666666667&quot;,&quot;title&quot;:&quot;1er prix lyc\\u00e9e Malvy Pelleter (Kerneuzec) 2&quot;,&quot;orientation&quot;:&quot;1&quot;}\" data-image-title=\"1er prix lyc\u00e9e Malvy Pelleter (Kerneuzec) 2\" data-image-description=\"\" data-image-caption=\"\" data-large-file=\"http:\/\/www.arelabretagne.levillage.org\/bibliotheque\/2019\/07\/1er-prix-lyce\u00a6\u00fce-Malvy-Pelleter-Kerneuzec-2-683x1024.jpg\" class=\"alignleft  wp-image-1929\" src=\"http:\/\/www.arelabretagne.levillage.org\/bibliotheque\/2019\/07\/1er-prix-lyce\u00a6\u00fce-Malvy-Pelleter-Kerneuzec-2.jpg\" alt=\"\" width=\"200\" height=\"300\" srcset=\"http:\/\/www.arelabretagne.levillage.org\/bibliotheque\/2019\/07\/1er-prix-lyce\u00a6\u00fce-Malvy-Pelleter-Kerneuzec-2.jpg 686w, http:\/\/www.arelabretagne.levillage.org\/bibliotheque\/2019\/07\/1er-prix-lyce\u00a6\u00fce-Malvy-Pelleter-Kerneuzec-2-200x300.jpg 200w, http:\/\/www.arelabretagne.levillage.org\/bibliotheque\/2019\/07\/1er-prix-lyce\u00a6\u00fce-Malvy-Pelleter-Kerneuzec-2-683x1024.jpg 683w, http:\/\/www.arelabretagne.levillage.org\/bibliotheque\/2019\/07\/1er-prix-lyce\u00a6\u00fce-Malvy-Pelleter-Kerneuzec-2-624x936.jpg 624w\" sizes=\"auto, (max-width: 200px) 100vw, 200px\" \/><\/a><\/h4>\n<h4>Malvy Pelleter, 1er prix Lyc\u00e9e<\/h4>\n<p style=\"text-align: center;\"><a href=\"http:\/\/www.arelabretagne.levillage.org\/?attachment_id=1930\" rel=\"attachment wp-att-1930\"><img loading=\"lazy\" decoding=\"async\" data-attachment-id=\"1930\" data-permalink=\"http:\/\/www.arelabretagne.levillage.org\/?attachment_id=1930\" data-orig-file=\"http:\/\/www.arelabretagne.levillage.org\/bibliotheque\/2019\/07\/Les-laure\u00a6\u00fcats-du-concours-ARELA-2019-et-quelques-professeurs-au-colle\u00a6\u00c7ge-de-la-Tour-dAuvergne-a\u00a6\u00c7-Quimper-2.jpg\" data-orig-size=\"1629,990\" data-comments-opened=\"0\" data-image-meta=\"{&quot;aperture&quot;:&quot;2.8&quot;,&quot;credit&quot;:&quot;&quot;,&quot;camera&quot;:&quot;DMC-FZ18&quot;,&quot;caption&quot;:&quot;&quot;,&quot;created_timestamp&quot;:&quot;1560264279&quot;,&quot;copyright&quot;:&quot;&quot;,&quot;focal_length&quot;:&quot;5.6&quot;,&quot;iso&quot;:&quot;200&quot;,&quot;shutter_speed&quot;:&quot;0.033333333333333&quot;,&quot;title&quot;:&quot;Les laur\\u00e9ats du concours ARELA 2019 et quelques professeurs au coll\\u00e8ge de la Tour d&#039;Auvergne \\u00e0 Quimper 2&quot;,&quot;orientation&quot;:&quot;1&quot;}\" data-image-title=\"Les laur\u00e9ats du concours ARELA 2019 et quelques professeurs au coll\u00e8ge de la Tour d&amp;rsquo;Auvergne \u00e0 Quimper 2\" data-image-description=\"\" data-image-caption=\"\" data-large-file=\"http:\/\/www.arelabretagne.levillage.org\/bibliotheque\/2019\/07\/Les-laure\u00a6\u00fcats-du-concours-ARELA-2019-et-quelques-professeurs-au-colle\u00a6\u00c7ge-de-la-Tour-dAuvergne-a\u00a6\u00c7-Quimper-2-1024x622.jpg\" class=\"wp-image-1930 aligncenter\" src=\"http:\/\/www.arelabretagne.levillage.org\/bibliotheque\/2019\/07\/Les-laure\u00a6\u00fcats-du-concours-ARELA-2019-et-quelques-professeurs-au-colle\u00a6\u00c7ge-de-la-Tour-dAuvergne-a\u00a6\u00c7-Quimper-2.jpg\" alt=\"\" width=\"531\" height=\"322\" srcset=\"http:\/\/www.arelabretagne.levillage.org\/bibliotheque\/2019\/07\/Les-laure\u00a6\u00fcats-du-concours-ARELA-2019-et-quelques-professeurs-au-colle\u00a6\u00c7ge-de-la-Tour-dAuvergne-a\u00a6\u00c7-Quimper-2.jpg 1629w, http:\/\/www.arelabretagne.levillage.org\/bibliotheque\/2019\/07\/Les-laure\u00a6\u00fcats-du-concours-ARELA-2019-et-quelques-professeurs-au-colle\u00a6\u00c7ge-de-la-Tour-dAuvergne-a\u00a6\u00c7-Quimper-2-300x182.jpg 300w, http:\/\/www.arelabretagne.levillage.org\/bibliotheque\/2019\/07\/Les-laure\u00a6\u00fcats-du-concours-ARELA-2019-et-quelques-professeurs-au-colle\u00a6\u00c7ge-de-la-Tour-dAuvergne-a\u00a6\u00c7-Quimper-2-768x467.jpg 768w, http:\/\/www.arelabretagne.levillage.org\/bibliotheque\/2019\/07\/Les-laure\u00a6\u00fcats-du-concours-ARELA-2019-et-quelques-professeurs-au-colle\u00a6\u00c7ge-de-la-Tour-dAuvergne-a\u00a6\u00c7-Quimper-2-1024x622.jpg 1024w, http:\/\/www.arelabretagne.levillage.org\/bibliotheque\/2019\/07\/Les-laure\u00a6\u00fcats-du-concours-ARELA-2019-et-quelques-professeurs-au-colle\u00a6\u00c7ge-de-la-Tour-dAuvergne-a\u00a6\u00c7-Quimper-2-624x379.jpg 624w\" sizes=\"auto, (max-width: 531px) 100vw, 531px\" \/><\/a>Les laur\u00e9ats r\u00e9unis \u00e0 Quimper<\/p>\n<h4>Les bibliographies du concours sont en ligne :<\/h4>\n<h4><a href=\"http:\/\/www.arelabretagne.levillage.org\/?attachment_id=1765\" rel=\"attachment wp-att-1765\">ARELA bibliographie concours 2019 Michelle Sharkey Des animaux et des hommes (1)<\/a> ;<\/h4>\n<h6><a href=\"http:\/\/www.arelabretagne.levillage.org\/?attachment_id=1766\" rel=\"attachment wp-att-1766\">biblio A Le Gac Concours 2007 animaux lyce\u0301e b<\/a> ;<\/h6>\n<h6><a href=\"http:\/\/www.arelabretagne.levillage.org\/?attachment_id=1767\" rel=\"attachment wp-att-1767\">Biblio M Kerhoas concours animaux 2007 manuels 3e\u0300me<\/a> ;<\/h6>\n<h6><a href=\"http:\/\/www.arelabretagne.levillage.org\/?attachment_id=1768\" rel=\"attachment wp-att-1768\">Biblio Martine Kerhoas.animaux concours 2007 revues pe\u0301da<\/a> ;<\/h6>\n<h6><a href=\"http:\/\/www.arelabretagne.levillage.org\/?attachment_id=1769\" rel=\"attachment wp-att-1769\">biblio C Que\u0301me\u0301ner L Euzen concours 2007 Les animaux colle\u0300ge<\/a><\/h6>\n<h5><strong>DOCUMENTATION:<\/strong> le num\u00e9ro sp\u00e9cial de l<strong>&lsquo;Association Pierres Vives<\/strong> \u00ab\u00a0B\u00eates Hommes et Dieux\u00a0\u00bb:<\/h5>\n<p><a href=\"http:\/\/www.arelabretagne.levillage.org\/?attachment_id=1870\" rel=\"attachment wp-att-1870\">N special Hommes betes &amp; dieux (1)Couverture<\/a><\/p>\n<p><a href=\"http:\/\/www.arelabretagne.levillage.org\/?attachment_id=1876\" rel=\"attachment wp-att-1876\">N\u00b0 sp\u00e9cial Hommes b\u00eates &amp; dieux (2)<\/a><\/p>\n<p><a href=\"http:\/\/www.arelabretagne.levillage.org\/?attachment_id=1871\" rel=\"attachment wp-att-1871\">N special Hommes betes &amp; dieux (3)Tuer les b\u00eates<\/a><\/p>\n<p><a href=\"http:\/\/www.arelabretagne.levillage.org\/?attachment_id=1874\" rel=\"attachment wp-att-1874\">N special Hommes betes &amp; die ux (4)Exploiter les b\u00eates<\/a><\/p>\n<p><a href=\"http:\/\/www.arelabretagne.levillage.org\/?attachment_id=1875\" rel=\"attachment wp-att-1875\">N special Hommes betes &amp; die ux (5)Vivre avec les b\u00eates<\/a><\/p>\n<p><a href=\"http:\/\/www.arelabretagne.levillage.org\/?attachment_id=1872\" rel=\"attachment wp-att-1872\">N special Hommes betes &amp; d ieux (6)Manger les b\u00eates<\/a><\/p>\n<p><a href=\"http:\/\/www.arelabretagne.levillage.org\/?attachment_id=1873\" rel=\"attachment wp-att-1873\">N special Hommes betes &amp; d ieux (7)R\u00eaver les b\u00eates<\/a><\/p>\n<h4>Le r\u00e8glement du concours 2019 est \u00e0 t\u00e9l\u00e9charger ici:<\/h4>\n<h4><a href=\"http:\/\/www.arelabretagne.levillage.org\/?attachment_id=1826\" rel=\"attachment wp-att-1826\">R\u00e8glement CONCOURS 2019<\/a><\/h4>\n<h4><strong>Le coupon d&rsquo;inscription au concours 2019 \u00e0 t\u00e9l\u00e9charger :<\/strong><\/h4>\n<h4><a href=\"http:\/\/www.arelabretagne.levillage.org\/?attachment_id=1828\" rel=\"attachment wp-att-1828\">COUPON-Inscription-concours<\/a><\/h4>\n<h4 style=\"text-align: center;\">***<\/h4>\n<p style=\"text-align: justify;\">Pour pr\u00e9parer vos \u00e9l\u00e8ves, vous pouvez leur proposer les mots-crois\u00e9s suivants, concoct\u00e9s par Martine Kerhoas pour un concours pr\u00e9c\u00e9dent, <span style=\"color: #993300;\"><a style=\"color: #993300;\" href=\"http:\/\/www.arelabretagne.levillage.org\/?attachment_id=1554\" rel=\"attachment wp-att-1554\">cruciverba MER e\u0301le\u0300ve<\/a><\/span>, et leur corrig\u00e9 : <span style=\"color: #993300;\"><a style=\"color: #993300;\" href=\"http:\/\/www.arelabretagne.levillage.org\/?attachment_id=1555\" rel=\"attachment wp-att-1555\">cruciverba MER prof<\/a><\/span>.<\/p>\n<p>Les sujets 2019:<\/p>\n<p><a href=\"http:\/\/www.arelabretagne.levillage.org\/?attachment_id=1885\" rel=\"attachment wp-att-1885\">SUJET COLLEGE<\/a><\/p>\n<p><a href=\"http:\/\/www.arelabretagne.levillage.org\/?attachment_id=1886\" rel=\"attachment wp-att-1886\">SUJET LYCEE<\/a><\/p>\n<p style=\"text-align: justify;\">Vous pouvez \u00e9galement vous appuyer sur les sujets des ann\u00e9es pass\u00e9es :<\/p>\n<h4>2018:<\/h4>\n<p><a href=\"http:\/\/www.arelabretagne.levillage.org\/?attachment_id=1885\" rel=\"attachment wp-att-1885\">SUJET COLLEGE<\/a><\/p>\n<p><a href=\"http:\/\/www.arelabretagne.levillage.org\/?attachment_id=1886\" rel=\"attachment wp-att-1886\">SUJET LYCEE<\/a><\/p>\n<h4><a href=\"http:\/\/www.arelabretagne.levillage.org\/?attachment_id=1738\" rel=\"attachment wp-att-1738\">SUJET LATIN COLLEGE avec mots fle\u0301che\u0301s<\/a> et <a href=\"http:\/\/www.arelabretagne.levillage.org\/?attachment_id=1739\" rel=\"attachment wp-att-1739\">IMAGE concourslatin<\/a><\/h4>\n<h4><a href=\"http:\/\/www.arelabretagne.levillage.org\/?attachment_id=1740\" rel=\"attachment wp-att-1740\">Sujet Grec Colle\u0300ge 2018<\/a><\/h4>\n<p><a href=\"http:\/\/www.arelabretagne.levillage.org\/?attachment_id=1837\" rel=\"attachment wp-att-1837\">sujet LATIN lyc\u00e9e 2018<\/a><\/p>\n<h4><a href=\"http:\/\/www.arelabretagne.levillage.org\/?attachment_id=1856\" rel=\"attachment wp-att-1856\">SUJET grec lyc\u00e9e 2018<\/a><\/h4>\n<h4>2017:<\/h4>\n<p><a href=\"http:\/\/www.arelabretagne.levillage.org\/?attachment_id=1838\" rel=\"attachment wp-att-1838\">SUJET LATIN COLLEGE 2017\u00a0\u00a0<\/a><\/p>\n<p><a href=\"http:\/\/www.arelabretagne.levillage.org\/?attachment_id=1839\" rel=\"attachment wp-att-1839\">sujet grec COLLEGE2017<\/a><\/p>\n<h4><a href=\"http:\/\/www.arelabretagne.levillage.org\/?attachment_id=1840\" rel=\"attachment wp-att-1840\">SUJET LATIN LYCEE 2017<\/a><\/h4>\n<p><a href=\"http:\/\/www.arelabretagne.levillage.org\/?attachment_id=1841\" rel=\"attachment wp-att-1841\">SUJET GREC LYCEE 2017<\/a><\/p>\n<h4><\/h4>\n<h4>2016:<\/h4>\n<h4><span style=\"color: #993300;\"><a style=\"color: #993300;\" href=\"http:\/\/www.arelabretagne.levillage.org\/?attachment_id=1561\" rel=\"attachment wp-att-1561\">SUJET_LATIN_COLLEGE<\/a><\/span><\/h4>\n<h4><a href=\"http:\/\/www.arelabretagne.levillage.org\/?attachment_id=1560\" rel=\"attachment wp-att-1560\">SUJET COLLEGEGREC<\/a><\/h4>\n<h4><a href=\"http:\/\/www.arelabretagne.levillage.org\/?attachment_id=1842\" rel=\"attachment wp-att-1842\">SUJET LYCEE LATI<\/a><a href=\"http:\/\/www.arelabretagne.levillage.org\/?attachment_id=1842\" rel=\"attachment wp-att-1842\">N 2016<\/a><\/h4>\n<h4><a href=\"http:\/\/www.arelabretagne.levillage.org\/?attachment_id=1857\" rel=\"attachment wp-att-1857\">SUJET LYCEE Grec 2016<\/a><\/h4>\n<h4>2015:<\/h4>\n<h4><span style=\"color: #993300;\"><a style=\"color: #993300;\" href=\"http:\/\/www.arelabretagne.levillage.org\/?attachment_id=1382\" rel=\"attachment wp-att-1382\">sujet LATIN COLLEGE 2015<\/a><\/span><\/h4>\n<h4>\u00a0<a href=\"http:\/\/www.arelabretagne.levillage.org\/?attachment_id=1549\" rel=\"attachment wp-att-1549\">sujet-2015-GREC-colle\u0300ge<\/a><\/h4>\n<h4><a href=\"http:\/\/www.arelabretagne.levillage.org\/?attachment_id=1547\" rel=\"attachment wp-att-1547\">sujet-2015-LATIN-lyce\u0301e<\/a><\/h4>\n<h4>\u00a0<a href=\"http:\/\/www.arelabretagne.levillage.org\/?attachment_id=1550\" rel=\"attachment wp-att-1550\">sujet-2015-GREC-lyce\u0301e<\/a><\/h4>\n<h4><\/h4>\n<h4>2014:<\/h4>\n<h4><span style=\"color: #993300;\"><a style=\"color: #993300;\" href=\"http:\/\/www.arelabretagne.levillage.org\/?attachment_id=938\" rel=\"attachment wp-att-938\">sujet_clg_lat_2014<\/a><\/span><\/h4>\n<h4><a href=\"http:\/\/www.arelabretagne.levillage.org\/?attachment_id=937\" rel=\"attachment wp-att-937\">sujet_clg_grec_2014<\/a><\/h4>\n<h4><a href=\"http:\/\/www.arelabretagne.levillage.org\/?attachment_id=1858\" rel=\"attachment wp-att-1858\">Sujets_lyc\u00e9e_grec_latin 2014<\/a><\/h4>\n<h4><\/h4>\n<h4><strong>2013:<\/strong><\/h4>\n<h4><span style=\"color: #993300;\"><a style=\"color: #993300;\" href=\"http:\/\/www.arelabretagne.levillage.org\/?attachment_id=594\" rel=\"attachment wp-att-594\">Latin Coll\u00e8ge<\/a><\/span><\/h4>\n<h4><a href=\"http:\/\/www.arelabretagne.levillage.org\/?attachment_id=783\" rel=\"attachment wp-att-783\">sujet grec coll\u00e8ge 2013<\/a><\/h4>\n<h4><span style=\"color: #993300;\"><a style=\"color: #993300;\" href=\"http:\/\/www.arelabretagne.levillage.org\/?attachment_id=786\" rel=\"attachment wp-att-786\">sujet latin lyc\u00e9e 2013<\/a><\/span><\/h4>\n<h4><a href=\"http:\/\/www.arelabretagne.levillage.org\/?attachment_id=784\" rel=\"attachment wp-att-784\">sujet grec lyc 2013<\/a><\/h4>\n<h4><\/h4>\n<p style=\"text-align: right;\">Bonne chance \u00e0 toutes et tous!<\/p>","protected":false},"excerpt":{"rendered":"<p>Les r\u00e9sultats du concours ci-dessous. Les remises de prix ont eu lieu le 7 juin 2023 au coll\u00e8ge de l&rsquo;Harteloire \u00e0 Brest et au coll\u00e8ge Jules Lequier \u00e0 Pl\u00e9rin. Concours 2023 : Histoires de Famille Le concours aura lieu le mardi 21 mars 2023 (10h-12h). Vous trouverez ci-dessous le programme arr\u00eat\u00e9 pour cette \u00e9dition. Attention [&hellip;]<\/p>\n","protected":false},"author":1,"featured_media":0,"parent":0,"menu_order":0,"comment_status":"closed","ping_status":"closed","template":"","meta":{"footnotes":""},"class_list":["post-1404","page","type-page","status-publish","hentry"],"jetpack_shortlink":"https:\/\/wp.me\/P2hPjg-mE","jetpack_sharing_enabled":true,"jetpack_likes_enabled":true,"_links":{"self":[{"href":"http:\/\/www.arelabretagne.levillage.org\/index.php?rest_route=\/wp\/v2\/pages\/1404","targetHints":{"allow":["GET"]}}],"collection":[{"href":"http:\/\/www.arelabretagne.levillage.org\/index.php?rest_route=\/wp\/v2\/pages"}],"about":[{"href":"http:\/\/www.arelabretagne.levillage.org\/index.php?rest_route=\/wp\/v2\/types\/page"}],"author":[{"embeddable":true,"href":"http:\/\/www.arelabretagne.levillage.org\/index.php?rest_route=\/wp\/v2\/users\/1"}],"replies":[{"embeddable":true,"href":"http:\/\/www.arelabretagne.levillage.org\/index.php?rest_route=%2Fwp%2Fv2%2Fcomments&post=1404"}],"version-history":[{"count":64,"href":"http:\/\/www.arelabretagne.levillage.org\/index.php?rest_route=\/wp\/v2\/pages\/1404\/revisions"}],"predecessor-version":[{"id":2271,"href":"http:\/\/www.arelabretagne.levillage.org\/index.php?rest_route=\/wp\/v2\/pages\/1404\/revisions\/2271"}],"wp:attachment":[{"href":"http:\/\/www.arelabretagne.levillage.org\/index.php?rest_route=%2Fwp%2Fv2%2Fmedia&parent=1404"}],"curies":[{"name":"wp","href":"https:\/\/api.w.org\/{rel}","templated":true}]}}